{"id":33,"date":"2024-04-11T18:50:23","date_gmt":"2024-04-11T16:50:23","guid":{"rendered":"https:\/\/ateliero.fr\/blog\/?page_id=33"},"modified":"2024-04-12T15:21:44","modified_gmt":"2024-04-12T13:21:44","slug":"a-propos","status":"publish","type":"page","link":"https:\/\/ateliero.fr\/blog\/a-propos\/","title":{"rendered":"A propos"},"content":{"rendered":"\n<p class=\"has-medium-font-size\">L&rsquo;association \u00e0 \u00e9t\u00e9 fond\u00e9e en 2024 par trois passionn\u00e9s d&rsquo;art d\u00e9sireux de partager et de promouvoir toutes formes artistiques graphiques et plastiques.<\/p>\n\n\n\n<p class=\"has-medium-font-size\">Pour ce faire elle dispense au sein de l&rsquo;espace \u00a0\u00bb la rencontre des talents \u00ab\u00a0, des ateliers encadr\u00e9s par des artistes b\u00e9n\u00e9voles souhaitant transmettre leurs connaissances et \u00e9changer autour de leur art.<\/p>\n\n\n\n<p><\/p>\n\n\n\n<p><\/p>\n","protected":false},"excerpt":{"rendered":"<p>L&rsquo;association \u00e0 \u00e9t\u00e9 fond\u00e9e en 2024 par trois passionn\u00e9s d&rsquo;art d\u00e9sireux de partager et de promouvoir toutes formes artistiques graphiques et plastiques. Pour ce faire elle dispense au sein de l&rsquo;espace \u00a0\u00bb la rencontre des talents \u00ab\u00a0, des ateliers encadr\u00e9s par des artistes b\u00e9n\u00e9voles souhaitant transmettre leurs connaissances et \u00e9changer autour de leur art.<\/p>\n","protected":false},"author":1,"featured_media":0,"parent":0,"menu_order":0,"comment_status":"closed","ping_status":"closed","template":"","meta":{"footnotes":""},"class_list":["post-33","page","type-page","status-publish","hentry"],"_links":{"self":[{"href":"https:\/\/ateliero.fr\/blog\/wp-json\/wp\/v2\/pages\/33","targetHints":{"allow":["GET"]}}],"collection":[{"href":"https:\/\/ateliero.fr\/blog\/wp-json\/wp\/v2\/pages"}],"about":[{"href":"https:\/\/ateliero.fr\/blog\/wp-json\/wp\/v2\/types\/page"}],"author":[{"embeddable":true,"href":"https:\/\/ateliero.fr\/blog\/wp-json\/wp\/v2\/users\/1"}],"replies":[{"embeddable":true,"href":"https:\/\/ateliero.fr\/blog\/wp-json\/wp\/v2\/comments?post=33"}],"version-history":[{"count":3,"href":"https:\/\/ateliero.fr\/blog\/wp-json\/wp\/v2\/pages\/33\/revisions"}],"predecessor-version":[{"id":52,"href":"https:\/\/ateliero.fr\/blog\/wp-json\/wp\/v2\/pages\/33\/revisions\/52"}],"wp:attachment":[{"href":"https:\/\/ateliero.fr\/blog\/wp-json\/wp\/v2\/media?parent=33"}],"curies":[{"name":"wp","href":"https:\/\/api.w.org\/{rel}","templated":true}]}}